{"id":10989,"date":"2021-09-06T08:20:55","date_gmt":"2022-01-24T13:31:47","guid":{"rendered":"http:\/\/boteriamoneo.com\/product\/gourde-a-vin-personnalisee-liege-naturel\/"},"modified":"2022-01-24T14:31:47","modified_gmt":"2022-01-24T13:31:47","slug":"bota-custom-natural-corcho-2","status":"publish","type":"product","link":"https:\/\/boteriamoneo.com\/fr\/produit\/bota-custom-natural-corcho-2\/","title":{"rendered":"Gourde \u00e0 vin personnalis\u00e9e li\u00e8ge naturel"},"content":{"rendered":"<p>Recouverte de tissus synth\u00e9tiques aux imprim\u00e9s diff\u00e9rents et originaux ; imprim\u00e9 animal, t\u00eates de mort, ethnique, pour enfants \u2026<\/p>\n<p>L&#8217;int\u00e9rieur en latex est constitu\u00e9 d&#8217;une housse en latex naturel qui permet d&#8217;introduire toutes sortes de boissons : eau, vin, rafra\u00eechissements&#8230; avec ou sans gaz.<\/p>\n<p>Cordon en polypropyl\u00e8ne tress\u00e9 en rouge ou noir.<\/p>\n<p>Col rouge.<\/p>\n<p>Fermeture en plastique r\u00e9sistante et \u00e9tanche \u00e0 l&#8217;air.<\/p>\n<p>Des instructions pour l&#8217;utilisation correcte de la gourde et ses m\u00e9thodes de conservation sont incluses.<\/p>\n","protected":false},"excerpt":{"rendered":"<p>Gourde \u00e0 vin faite \u00e0 la main selon les techniques artisanales traditionnelles.<\/p>\n","protected":false},"featured_media":9354,"comment_status":"closed","ping_status":"closed","template":"","meta":{"_joinchat":[]},"product_brand":[],"product_cat":[221],"product_tag":[],"class_list":{"0":"post-10989","1":"product","2":"type-product","3":"status-publish","4":"has-post-thumbnail","6":"product_cat-nature-animale-personnalisee","8":"first","9":"instock","10":"taxable","11":"shipping-taxable","12":"purchasable","13":"product-type-variable"},"yoast_head":"<!-- This site is optimized with the Yoast SEO plugin v27.2 - https:\/\/yoast.com\/product\/yoast-seo-wordpress\/ -->\n<title>Gourde \u00e0 vin personnalis\u00e9e li\u00e8ge naturel - Boter\u00eda Moneo<\/title>\n<meta name=\"robots\" content=\"index, follow, max-snippet:-1, max-image-preview:large, max-video-preview:-1\" \/>\n<link rel=\"canonical\" href=\"https:\/\/boteriamoneo.com\/fr\/produit\/bota-custom-natural-corcho-2\/\" \/>\n<meta property=\"og:locale\" content=\"fr_FR\" \/>\n<meta property=\"og:type\" content=\"article\" \/>\n<meta property=\"og:title\" content=\"Gourde \u00e0 vin personnalis\u00e9e li\u00e8ge naturel - Boter\u00eda Moneo\" \/>\n<meta property=\"og:description\" content=\"Gourde \u00e0 vin faite \u00e0 la main selon les techniques artisanales traditionnelles.\" \/>\n<meta property=\"og:url\" content=\"https:\/\/boteriamoneo.com\/fr\/produit\/bota-custom-natural-corcho-2\/\" \/>\n<meta property=\"og:site_name\" content=\"Boter\u00eda Moneo\" \/>\n<meta property=\"article:publisher\" content=\"https:\/\/es-es.facebook.com\/boteria.moneo\/\" \/>\n<meta property=\"og:image\" content=\"https:\/\/boteriamoneo.com\/wp-content\/uploads\/2021\/09\/CUSTOM-NATURAL-CORCHO.jpg\" \/>\n\t<meta property=\"og:image:width\" content=\"700\" \/>\n\t<meta property=\"og:image:height\" content=\"700\" \/>\n\t<meta property=\"og:image:type\" content=\"image\/jpeg\" \/>\n<meta name=\"twitter:card\" content=\"summary_large_image\" \/>\n<script type=\"application\/ld+json\" class=\"yoast-schema-graph\">{\"@context\":\"https:\/\/schema.org\",\"@graph\":[{\"@type\":\"WebPage\",\"@id\":\"https:\/\/boteriamoneo.com\/fr\/produit\/bota-custom-natural-corcho-2\/\",\"url\":\"https:\/\/boteriamoneo.com\/fr\/produit\/bota-custom-natural-corcho-2\/\",\"name\":\"Gourde \u00e0 vin personnalis\u00e9e li\u00e8ge naturel - Boter\u00eda Moneo\",\"isPartOf\":{\"@id\":\"https:\/\/boteriamoneo.com\/fr\/#website\"},\"primaryImageOfPage\":{\"@id\":\"https:\/\/boteriamoneo.com\/fr\/produit\/bota-custom-natural-corcho-2\/#primaryimage\"},\"image\":{\"@id\":\"https:\/\/boteriamoneo.com\/fr\/produit\/bota-custom-natural-corcho-2\/#primaryimage\"},\"thumbnailUrl\":\"https:\/\/boteriamoneo.com\/wp-content\/uploads\/2021\/09\/CUSTOM-NATURAL-CORCHO.jpg\",\"datePublished\":\"2022-01-24T13:31:47+00:00\",\"breadcrumb\":{\"@id\":\"https:\/\/boteriamoneo.com\/fr\/produit\/bota-custom-natural-corcho-2\/#breadcrumb\"},\"inLanguage\":\"fr-FR\",\"potentialAction\":[{\"@type\":\"ReadAction\",\"target\":[\"https:\/\/boteriamoneo.com\/fr\/produit\/bota-custom-natural-corcho-2\/\"]}]},{\"@type\":\"ImageObject\",\"inLanguage\":\"fr-FR\",\"@id\":\"https:\/\/boteriamoneo.com\/fr\/produit\/bota-custom-natural-corcho-2\/#primaryimage\",\"url\":\"https:\/\/boteriamoneo.com\/wp-content\/uploads\/2021\/09\/CUSTOM-NATURAL-CORCHO.jpg\",\"contentUrl\":\"https:\/\/boteriamoneo.com\/wp-content\/uploads\/2021\/09\/CUSTOM-NATURAL-CORCHO.jpg\",\"width\":700,\"height\":700},{\"@type\":\"BreadcrumbList\",\"@id\":\"https:\/\/boteriamoneo.com\/fr\/produit\/bota-custom-natural-corcho-2\/#breadcrumb\",\"itemListElement\":[{\"@type\":\"ListItem\",\"position\":1,\"name\":\"Portada\",\"item\":\"https:\/\/boteriamoneo.com\/fr\/\"},{\"@type\":\"ListItem\",\"position\":2,\"name\":\"Boutique\",\"item\":\"https:\/\/boteriamoneo.com\/fr\/boutique\/\"},{\"@type\":\"ListItem\",\"position\":3,\"name\":\"Gourde \u00e0 vin personnalis\u00e9e li\u00e8ge naturel\"}]},{\"@type\":\"WebSite\",\"@id\":\"https:\/\/boteriamoneo.com\/fr\/#website\",\"url\":\"https:\/\/boteriamoneo.com\/fr\/\",\"name\":\"Boter\u00eda Moneo\",\"description\":\"\",\"publisher\":{\"@id\":\"https:\/\/boteriamoneo.com\/fr\/#organization\"},\"potentialAction\":[{\"@type\":\"SearchAction\",\"target\":{\"@type\":\"EntryPoint\",\"urlTemplate\":\"https:\/\/boteriamoneo.com\/fr\/?s={search_term_string}\"},\"query-input\":{\"@type\":\"PropertyValueSpecification\",\"valueRequired\":true,\"valueName\":\"search_term_string\"}}],\"inLanguage\":\"fr-FR\"},{\"@type\":\"Organization\",\"@id\":\"https:\/\/boteriamoneo.com\/fr\/#organization\",\"name\":\"Boter\u00eda Moneo\",\"url\":\"https:\/\/boteriamoneo.com\/fr\/\",\"logo\":{\"@type\":\"ImageObject\",\"inLanguage\":\"fr-FR\",\"@id\":\"https:\/\/boteriamoneo.com\/fr\/#\/schema\/logo\/image\/\",\"url\":\"http:\/\/boteriamoneo.com\/wp-content\/uploads\/2021\/10\/logo-negro.svg\",\"contentUrl\":\"http:\/\/boteriamoneo.com\/wp-content\/uploads\/2021\/10\/logo-negro.svg\",\"width\":246,\"height\":91,\"caption\":\"Boter\u00eda Moneo\"},\"image\":{\"@id\":\"https:\/\/boteriamoneo.com\/fr\/#\/schema\/logo\/image\/\"},\"sameAs\":[\"https:\/\/es-es.facebook.com\/boteria.moneo\/\",\"https:\/\/www.instagram.com\/boteria.moneo\/\"]}]}<\/script>\n<!-- \/ Yoast SEO plugin. -->","yoast_head_json":{"title":"Gourde \u00e0 vin personnalis\u00e9e li\u00e8ge naturel - Boter\u00eda Moneo","robots":{"index":"index","follow":"follow","max-snippet":"max-snippet:-1","max-image-preview":"max-image-preview:large","max-video-preview":"max-video-preview:-1"},"canonical":"https:\/\/boteriamoneo.com\/fr\/produit\/bota-custom-natural-corcho-2\/","og_locale":"fr_FR","og_type":"article","og_title":"Gourde \u00e0 vin personnalis\u00e9e li\u00e8ge naturel - Boter\u00eda Moneo","og_description":"Gourde \u00e0 vin faite \u00e0 la main selon les techniques artisanales traditionnelles.","og_url":"https:\/\/boteriamoneo.com\/fr\/produit\/bota-custom-natural-corcho-2\/","og_site_name":"Boter\u00eda Moneo","article_publisher":"https:\/\/es-es.facebook.com\/boteria.moneo\/","og_image":[{"width":700,"height":700,"url":"https:\/\/boteriamoneo.com\/wp-content\/uploads\/2021\/09\/CUSTOM-NATURAL-CORCHO.jpg","type":"image\/jpeg"}],"twitter_card":"summary_large_image","schema":{"@context":"https:\/\/schema.org","@graph":[{"@type":"WebPage","@id":"https:\/\/boteriamoneo.com\/fr\/produit\/bota-custom-natural-corcho-2\/","url":"https:\/\/boteriamoneo.com\/fr\/produit\/bota-custom-natural-corcho-2\/","name":"Gourde \u00e0 vin personnalis\u00e9e li\u00e8ge naturel - Boter\u00eda Moneo","isPartOf":{"@id":"https:\/\/boteriamoneo.com\/fr\/#website"},"primaryImageOfPage":{"@id":"https:\/\/boteriamoneo.com\/fr\/produit\/bota-custom-natural-corcho-2\/#primaryimage"},"image":{"@id":"https:\/\/boteriamoneo.com\/fr\/produit\/bota-custom-natural-corcho-2\/#primaryimage"},"thumbnailUrl":"https:\/\/boteriamoneo.com\/wp-content\/uploads\/2021\/09\/CUSTOM-NATURAL-CORCHO.jpg","datePublished":"2022-01-24T13:31:47+00:00","breadcrumb":{"@id":"https:\/\/boteriamoneo.com\/fr\/produit\/bota-custom-natural-corcho-2\/#breadcrumb"},"inLanguage":"fr-FR","potentialAction":[{"@type":"ReadAction","target":["https:\/\/boteriamoneo.com\/fr\/produit\/bota-custom-natural-corcho-2\/"]}]},{"@type":"ImageObject","inLanguage":"fr-FR","@id":"https:\/\/boteriamoneo.com\/fr\/produit\/bota-custom-natural-corcho-2\/#primaryimage","url":"https:\/\/boteriamoneo.com\/wp-content\/uploads\/2021\/09\/CUSTOM-NATURAL-CORCHO.jpg","contentUrl":"https:\/\/boteriamoneo.com\/wp-content\/uploads\/2021\/09\/CUSTOM-NATURAL-CORCHO.jpg","width":700,"height":700},{"@type":"BreadcrumbList","@id":"https:\/\/boteriamoneo.com\/fr\/produit\/bota-custom-natural-corcho-2\/#breadcrumb","itemListElement":[{"@type":"ListItem","position":1,"name":"Portada","item":"https:\/\/boteriamoneo.com\/fr\/"},{"@type":"ListItem","position":2,"name":"Boutique","item":"https:\/\/boteriamoneo.com\/fr\/boutique\/"},{"@type":"ListItem","position":3,"name":"Gourde \u00e0 vin personnalis\u00e9e li\u00e8ge naturel"}]},{"@type":"WebSite","@id":"https:\/\/boteriamoneo.com\/fr\/#website","url":"https:\/\/boteriamoneo.com\/fr\/","name":"Boter\u00eda Moneo","description":"","publisher":{"@id":"https:\/\/boteriamoneo.com\/fr\/#organization"},"potentialAction":[{"@type":"SearchAction","target":{"@type":"EntryPoint","urlTemplate":"https:\/\/boteriamoneo.com\/fr\/?s={search_term_string}"},"query-input":{"@type":"PropertyValueSpecification","valueRequired":true,"valueName":"search_term_string"}}],"inLanguage":"fr-FR"},{"@type":"Organization","@id":"https:\/\/boteriamoneo.com\/fr\/#organization","name":"Boter\u00eda Moneo","url":"https:\/\/boteriamoneo.com\/fr\/","logo":{"@type":"ImageObject","inLanguage":"fr-FR","@id":"https:\/\/boteriamoneo.com\/fr\/#\/schema\/logo\/image\/","url":"http:\/\/boteriamoneo.com\/wp-content\/uploads\/2021\/10\/logo-negro.svg","contentUrl":"http:\/\/boteriamoneo.com\/wp-content\/uploads\/2021\/10\/logo-negro.svg","width":246,"height":91,"caption":"Boter\u00eda Moneo"},"image":{"@id":"https:\/\/boteriamoneo.com\/fr\/#\/schema\/logo\/image\/"},"sameAs":["https:\/\/es-es.facebook.com\/boteria.moneo\/","https:\/\/www.instagram.com\/boteria.moneo\/"]}]}},"_links":{"self":[{"href":"https:\/\/boteriamoneo.com\/fr\/wp-json\/wp\/v2\/product\/10989","targetHints":{"allow":["GET"]}}],"collection":[{"href":"https:\/\/boteriamoneo.com\/fr\/wp-json\/wp\/v2\/product"}],"about":[{"href":"https:\/\/boteriamoneo.com\/fr\/wp-json\/wp\/v2\/types\/product"}],"replies":[{"embeddable":true,"href":"https:\/\/boteriamoneo.com\/fr\/wp-json\/wp\/v2\/comments?post=10989"}],"wp:featuredmedia":[{"embeddable":true,"href":"https:\/\/boteriamoneo.com\/fr\/wp-json\/wp\/v2\/media\/9354"}],"wp:attachment":[{"href":"https:\/\/boteriamoneo.com\/fr\/wp-json\/wp\/v2\/media?parent=10989"}],"wp:term":[{"taxonomy":"product_brand","embeddable":true,"href":"https:\/\/boteriamoneo.com\/fr\/wp-json\/wp\/v2\/product_brand?post=10989"},{"taxonomy":"product_cat","embeddable":true,"href":"https:\/\/boteriamoneo.com\/fr\/wp-json\/wp\/v2\/product_cat?post=10989"},{"taxonomy":"product_tag","embeddable":true,"href":"https:\/\/boteriamoneo.com\/fr\/wp-json\/wp\/v2\/product_tag?post=10989"}],"curies":[{"name":"wp","href":"https:\/\/api.w.org\/{rel}","templated":true}]}}